{"id":1329,"date":"2018-05-25T10:06:01","date_gmt":"2018-05-25T08:06:01","guid":{"rendered":"http:\/\/kistenhonig.de\/?page_id=1329"},"modified":"2018-06-21T09:06:43","modified_gmt":"2018-06-21T07:06:43","slug":"die-bienenkiste","status":"publish","type":"page","link":"http:\/\/kistenhonig.de\/index.php\/die-bienenkiste\/","title":{"rendered":"Die Bienenkiste"},"content":{"rendered":"<div class=\"fusion-fullwidth fullwidth-box fusion-builder-row-1 nonhundred-percent-fullwidth non-hundred-percent-height-scrolling\" style=\"background-color: rgba(255,255,255,0);background-position: center center;background-repeat: no-repeat;padding-top:0px;padding-right:0px;padding-bottom:0px;padding-left:0px;margin-bottom: 0px;margin-top: 0px;border-width: 0px 0px 0px 0px;border-color:#eae9e9;border-style:solid;\" ><div class=\"fusion-builder-row fusion-row\"><div class=\"fusion-layout-column fusion_builder_column fusion-builder-column-0 fusion_builder_column_2_3 2_3 fusion-two-third fusion-column-first\" style=\"width:66.6666666667%;width:calc(66.6666666667% - ( ( 4% ) * 0.666666666667 ) );margin-right: 4%;margin-top:0px;margin-bottom:20px;\"><div class=\"fusion-column-wrapper fusion-flex-column-wrapper-legacy\" style=\"background-position:left top;background-repeat:no-repeat;-webkit-background-size:cover;-moz-background-size:cover;-o-background-size:cover;background-size:cover;padding: 0px 0px 0px 0px;\"><div class=\"fusion-text fusion-text-1\"><h4>Der Name Otterndorfer Kistenhonig ist etwas irref\u00fchrend \u2013 beim Imkern mit der Bienenkiste geht es nicht prim\u00e4r um die Honiggewinnung, sondern darum Bienen eine Bleibe zu schaffen und sie zu pflegen. Nebenbei fallen je nach Tracht- und Wetterverh\u00e4ltnisse ungef\u00e4hr 10\u201315 kg Honig im Jahr f\u00fcr den Imker ab. Die wesensgem\u00e4\u00dfe Bienenhaltung orientiert sich an dem Verhalten der Bienen in der freien Natur und bietet ihnen dabei Schutz.<\/h4>\n<\/div><div class=\"fusion-sep-clear\"><\/div><div class=\"fusion-separator fusion-full-width-sep\" style=\"margin-left: auto;margin-right: auto;margin-top:20px;width:100%;\"><\/div><div class=\"fusion-sep-clear\"><\/div><div class=\"fusion-text fusion-text-2\"><h3>\u00a0 APIS MELLIFERA<\/h3>\n<h2>Die Honigbiene<\/h2>\n<p>Bienen sind sehr einzig\u00adartige Wesen: Sie werden zwar als Nutztiere gehalten und dennoch leben sie autark und gr\u00f6\u00dfenteils in der freien Natur.<\/p>\n<p>Dabei sch\u00e4tzen wir Menschen nicht nur den Honig, den sie produzieren sondern vor allem auch ihre Leistung bei der\u00a0Best\u00e4ubung von Pflanzen, die sie f\u00fcr uns unentbehrlich machen.<\/p>\n<\/div><div class=\"fusion-sep-clear\"><\/div><div class=\"fusion-separator fusion-full-width-sep\" style=\"margin-left: auto;margin-right: auto;margin-top:20px;width:100%;\"><\/div><div class=\"fusion-sep-clear\"><\/div><div class=\"fusion-text fusion-text-3\"><h3>\u00a0 \u00a0WARUM GERADE<\/h3>\n<h2>Die Bienenkiste<\/h2>\n<p>Das Imkern mit der Bienenkiste ist eine sehr naturnahe Haltung von Bienen und ist weniger auf die Produktion von Honig ausgerichtet. Das nat\u00fcrliche Schwarmverhalten der Bienen wird nicht unterdr\u00fcckt und sie haben die M\u00f6glichkeit eigene Naturwaben zu bauen, die beim Imkern in der Regel nicht gest\u00f6rt werden.<br \/>\nAu\u00dferdem wird das Bienenvolk als ein einziger Superorganismus angesehen \u2013 der Bien.<\/p>\n<p>Die Bauform als Horizontal\u00adbeute wurde vom Krainer Bauern\u00adstock abgeguckt. Allerdings hat sie gegen\u00fcber diesem wesent\u00adliche Vorteile f\u00fcr die Pflege und Behandlung gegen Krankheiten und Varroamilben.<\/p>\n<p>Mehr Infos zur Bienenkiste gibt es beim <a href=\"https:\/\/www.bienenkiste.de\/index.html\" target=\"_blank\" rel=\"noopener\">Mellifera e. V.<\/a><\/p>\n<\/div><div class=\"fusion-clearfix\"><\/div><\/div><\/div><div class=\"fusion-layout-column fusion_builder_column fusion-builder-column-1 fusion_builder_column_1_3 1_3 fusion-one-third fusion-column-last\" style=\"width:33.3333333333%;width:calc(33.3333333333% - ( ( 4% ) * 0.333333333333 ) );margin-top:0px;margin-bottom:20px;\"><div class=\"fusion-column-wrapper fusion-flex-column-wrapper-legacy\" style=\"background-position:left top;background-repeat:no-repeat;-webkit-background-size:cover;-moz-background-size:cover;-o-background-size:cover;background-size:cover;padding: 0px 0px 0px 0px;\"><style type=\"text\/css\">.fusion-gallery-1 .fusion-gallery-image {border:0px solid #f6f6f6;}<\/style><div class=\"awb-gallery-wrapper awb-gallery-wrapper-1 button-span-no\"><div class=\"fusion-gallery fusion-gallery-container fusion-grid-1 fusion-columns-total-3 fusion-gallery-layout-grid fusion-gallery-1\" style=\"margin:-5px;\"><div style=\"padding:5px;\" class=\"fusion-grid-column fusion-gallery-column fusion-gallery-column-1 hover-type-none\"><div class=\"fusion-gallery-image\"><img decoding=\"async\" src=\"http:\/\/kistenhonig.de\/wp-content\/uploads\/2018\/05\/IMG_4375-e1528791814872.jpg\" width=\"1000\" height=\"750\" alt=\"\" title=\"IMG_4375\" aria-label=\"IMG_4375\" class=\"img-responsive wp-image-1345\"  \/><\/div><\/div><div class=\"clearfix\"><\/div><div style=\"padding:5px;\" class=\"fusion-grid-column fusion-gallery-column fusion-gallery-column-1 hover-type-none\"><div class=\"fusion-gallery-image\"><img decoding=\"async\" src=\"http:\/\/kistenhonig.de\/wp-content\/uploads\/2018\/05\/Krainer_Bauernstock_offen.jpg\" width=\"512\" height=\"320\" alt=\"\" title=\"Krainer_Bauernstock_offen\" aria-label=\"Krainer_Bauernstock_offen\" class=\"img-responsive wp-image-1330\" srcset=\"http:\/\/kistenhonig.de\/wp-content\/uploads\/2018\/05\/Krainer_Bauernstock_offen-200x125.jpg 200w, http:\/\/kistenhonig.de\/wp-content\/uploads\/2018\/05\/Krainer_Bauernstock_offen-400x250.jpg 400w, http:\/\/kistenhonig.de\/wp-content\/uploads\/2018\/05\/Krainer_Bauernstock_offen.jpg 512w\" sizes=\"(min-width: 2200px) 100vw, (min-width: 920px) 1100px, \" \/><\/div><\/div><div class=\"clearfix\"><\/div><div style=\"padding:5px;\" class=\"fusion-grid-column fusion-gallery-column fusion-gallery-column-1 hover-type-none\"><div class=\"fusion-gallery-image\"><img decoding=\"async\" src=\"http:\/\/kistenhonig.de\/wp-content\/uploads\/2018\/05\/Unverdeckelte_Weiselzelle_003.jpg\" width=\"3104\" height=\"2068\" alt=\"\" title=\"Unverdeckelte_Weiselzelle_003\" aria-label=\"Unverdeckelte_Weiselzelle_003\" class=\"img-responsive wp-image-1331\" srcset=\"http:\/\/kistenhonig.de\/wp-content\/uploads\/2018\/05\/Unverdeckelte_Weiselzelle_003-200x133.jpg 200w, http:\/\/kistenhonig.de\/wp-content\/uploads\/2018\/05\/Unverdeckelte_Weiselzelle_003-400x266.jpg 400w, http:\/\/kistenhonig.de\/wp-content\/uploads\/2018\/05\/Unverdeckelte_Weiselzelle_003-600x400.jpg 600w, http:\/\/kistenhonig.de\/wp-content\/uploads\/2018\/05\/Unverdeckelte_Weiselzelle_003-800x533.jpg 800w, http:\/\/kistenhonig.de\/wp-content\/uploads\/2018\/05\/Unverdeckelte_Weiselzelle_003-1200x799.jpg 1200w, http:\/\/kistenhonig.de\/wp-content\/uploads\/2018\/05\/Unverdeckelte_Weiselzelle_003.jpg 3104w\" sizes=\"(min-width: 2200px) 100vw, (min-width: 920px) 1100px, \" \/><\/div><\/div><div class=\"clearfix\"><\/div><\/div><\/div><div class=\"fusion-clearfix\"><\/div><\/div><\/div><\/div><\/div>\n","protected":false},"excerpt":{"rendered":"","protected":false},"author":1,"featured_media":0,"parent":0,"menu_order":0,"comment_status":"closed","ping_status":"closed","template":"","meta":{"footnotes":""},"class_list":["post-1329","page","type-page","status-publish","hentry"],"_links":{"self":[{"href":"http:\/\/kistenhonig.de\/index.php\/wp-json\/wp\/v2\/pages\/1329","targetHints":{"allow":["GET"]}}],"collection":[{"href":"http:\/\/kistenhonig.de\/index.php\/wp-json\/wp\/v2\/pages"}],"about":[{"href":"http:\/\/kistenhonig.de\/index.php\/wp-json\/wp\/v2\/types\/page"}],"author":[{"embeddable":true,"href":"http:\/\/kistenhonig.de\/index.php\/wp-json\/wp\/v2\/users\/1"}],"replies":[{"embeddable":true,"href":"http:\/\/kistenhonig.de\/index.php\/wp-json\/wp\/v2\/comments?post=1329"}],"version-history":[{"count":10,"href":"http:\/\/kistenhonig.de\/index.php\/wp-json\/wp\/v2\/pages\/1329\/revisions"}],"predecessor-version":[{"id":1463,"href":"http:\/\/kistenhonig.de\/index.php\/wp-json\/wp\/v2\/pages\/1329\/revisions\/1463"}],"wp:attachment":[{"href":"http:\/\/kistenhonig.de\/index.php\/wp-json\/wp\/v2\/media?parent=1329"}],"curies":[{"name":"wp","href":"https:\/\/api.w.org\/{rel}","templated":true}]}}